{"id":3722,"date":"2023-04-27T08:25:57","date_gmt":"2023-04-27T06:25:57","guid":{"rendered":"https:\/\/campanules.com\/terms-of-use\/"},"modified":"2024-06-21T10:45:56","modified_gmt":"2024-06-21T08:45:56","slug":"terms-of-use","status":"publish","type":"page","link":"https:\/\/campanules.com\/en\/terms-of-use\/","title":{"rendered":"Terms of use"},"content":{"rendered":"\t\t<div data-elementor-type=\"wp-page\" data-elementor-id=\"3722\" class=\"elementor elementor-3722 elementor-581\">\n\t\t\t\t\t\t<section class=\"elementor-section elementor-top-section elementor-element elementor-element-7f096f39 elementor-section-height-min-height cs-section-content-fullwidth cs-parallax-on-scroll cs_scroll_y_80 elementor-section-boxed elementor-section-height-default elementor-section-items-middle\" data-id=\"7f096f39\" data-element_type=\"section\" data-e-type=\"section\" data-settings=\"{&quot;background_background&quot;:&quot;classic&quot;}\" data-cs-parallax-y=\"80\">\n\t\t\t\t\t\t\t<div class=\"elementor-background-overlay\"><\/div>\n\t\t\t\t\t\t\t<div class=\"elementor-container elementor-column-gap-no\">\n\t\t\t\t\t<div class=\"elementor-column elementor-col-100 elementor-top-column elementor-element elementor-element-1fa46de6 dark-color\" data-id=\"1fa46de6\" data-element_type=\"column\" data-e-type=\"column\">\n\t\t\t<div class=\"elementor-widget-wrap\">\n\t\t\t\t\t\t\t<\/div>\n\t\t<\/div>\n\t\t\t\t\t<\/div>\n\t\t<\/section>\n\t\t\t\t<section class=\"elementor-section elementor-top-section elementor-element elementor-element-0bf0454 elementor-section-content-middle elementor-section-boxed elementor-section-height-default elementor-section-height-default\" data-id=\"0bf0454\" data-element_type=\"section\" data-e-type=\"section\" data-settings=\"{&quot;background_background&quot;:&quot;classic&quot;}\">\n\t\t\t\t\t\t<div class=\"elementor-container elementor-column-gap-no\">\n\t\t\t\t\t<div class=\"elementor-column elementor-col-100 elementor-top-column elementor-element elementor-element-cf4b1ab\" data-id=\"cf4b1ab\" data-element_type=\"column\" data-e-type=\"column\">\n\t\t\t<div class=\"elementor-widget-wrap elementor-element-populated\">\n\t\t\t\t\t\t<div class=\"elementor-element elementor-element-a2499e7 elementor-widget elementor-widget-cs_title\" data-id=\"a2499e7\" data-element_type=\"widget\" data-e-type=\"widget\" data-widget_type=\"cs_title.default\">\n\t\t\t\t<div class=\"elementor-widget-container\">\n\t\t\t\t\t\n        <div class=\"cs-title-wrap text-center\">\t            <h3 class=\"cs-title\">\n\t                Terms of use\t            <\/h3>        <\/div>\t\t\t\t<\/div>\n\t\t\t\t<\/div>\n\t\t\t\t<div class=\"elementor-element elementor-element-8a80ba9 elementor-widget elementor-widget-text-editor\" data-id=\"8a80ba9\" data-element_type=\"widget\" data-e-type=\"widget\" data-widget_type=\"text-editor.default\">\n\t\t\t\t<div class=\"elementor-widget-container\">\n\t\t\t\t\t\t\t\t\t<h2>OWNER<\/h2>\n<p>Company: SARL Les Campanules<br \/>Address: H\u00f4tel les Campanules, 179 boucle du Rosset, 73320 Tignes<br \/>Mail: <a title=\"Contact\" href=\"https:\/\/campanules.com\/en\/contact\/\">contact page<\/a><br \/>RCS : Chamb\u00e9ry 348 778 622<br \/>Share capital: \u20ac 640,000.00<\/p>\n<h2>ACCOMMODATION<\/h2>\n<p>Company: OVH<br \/>URL: https: <a href=\"https:\/\/www.ovhcloud.com\/fr\/\">\/\/www.ovhcloud.com\/fr\/<\/a><br \/>SAS with capital of \u20ac10,174,560<br \/><span style=\"font-size: inherit; color: var(--content-color); background-color: var(--bg-color); font-family: var(--body-font);\">RCS Lille M\u00e9tropole 424 761 419 00045<\/span><br \/>APE code 2620Z<br \/>VAT NO.: FR 22 424 761 419<br \/>Head office: 2 rue Kellermann &#8211; 59100 Roubaix &#8211; France<br \/>OVH SAS is a subsidiary of OVH Groupe SA, a company registered with the Lille Trade and Companies Registry under number 537 407 926, located at 2, rue Kellermann, 59100 Roubaix.<\/p>\n<h2>SITE PUBLICATION MANAGER<\/h2>\n<p>Publication manager: Mr Philippe Lutz<\/p>\n<p>In accordance with Articles 39 et seq. of the French Data Protection Act no. 78-17 of January 6, 1978, amended in 2004, any person may obtain access to and, where appropriate, rectification or deletion of information concerning him or her, by contacting us via the <a title=\"Contact\" href=\"https:\/\/campanules.com\/en\/contact\/\">contact page<\/a>.<\/p>\n<h2>WEBSITE CREATION<\/h2>\n<p>Company: Whitegold Hospitality \/ Les Etincelles Collection<br \/>Address: 300 Route des fabriques, 73250 Saint Pierre d&#8217;Albigny<br \/>Telephone: +33 4 65 84 85 81<br \/>Email: <a title=\"Contact\" href=\"https:\/\/campanules.com\/en\/contact\/\">contact page<\/a><br \/>SIRET: 881 439 459 00010<br \/>Intra-community VAT number: FR31881439459<br \/>Legal form: Soci\u00e9t\u00e9 par action simplifi\u00e9e APE code: 7311Z<br \/>Share capital: \u20ac10,000 \u200d<\/p>\n\t\t\t\t\t\t\t\t<\/div>\n\t\t\t\t<\/div>\n\t\t\t\t\t<\/div>\n\t\t<\/div>\n\t\t\t\t\t<\/div>\n\t\t<\/section>\n\t\t\t\t<\/div>\n\t\t","protected":false},"excerpt":{"rendered":"<p>Terms of use OWNER Company: SARL Les CampanulesAddress: H\u00f4tel les Campanules, 179 boucle du Rosset, 73320 TignesMail: contact pageRCS : Chamb\u00e9ry 348 778 622Share capital: \u20ac 640,000.00 ACCOMMODATION Company: OVHURL: https: \/\/www.ovhcloud.com\/fr\/SAS with capital of \u20ac10,174,560RCS Lille M\u00e9tropole 424 761 419 00045APE code 2620ZVAT NO.: FR 22 424 761 419Head office: 2 rue Kellermann &#8211; &#8230;<\/p>\n","protected":false},"author":1,"featured_media":0,"parent":0,"menu_order":0,"comment_status":"closed","ping_status":"closed","template":"template-wide-content.php","meta":{"cozystay_single_page_hide_site_header":"","cozystay_single_page_site_header_source":"","cozystay_single_page_custom_site_header":"0","cozystay_single_page_custom_sticky_site_header":"0","cozystay_single_page_hide_page_title":"","cozystay_single_page_header_section_size":"","cozystay_single_page_header_background_color":"","cozystay_single_page_header_background_position_x":"center","cozystay_single_page_header_background_position_y":"center","cozystay_single_page_header_background_size":"cover","cozystay_single_page_header_background_repeat":"off","cozystay_single_page_header_background_scroll":"on","cozystay_single_page_header_text_color":"","cozystay_single_page_header_show_breadcrumb":"","cozystay_single_page_site_footer_hide_main":"","cozystay_single_custom_site_footer_main_source":"","cozystay_single_custom_site_footer_main":"0","cozystay_single_page_site_footer_hide_above":"","cozystay_single_custom_site_footer_above_source":"","cozystay_single_custom_site_footer_above":"0","cozystay_single_page_site_footer_hide_instagram":"","cozystay_single_page_site_footer_hide_bottom":"","cozystay_single_custom_mobile_menu_source":"","cozystay_single_custom_mobile_menu":"0","cozystay_single_custom_mobile_menu_animation":"","cozystay_single_custom_mobile_menu_width":"","cozystay_single_custom_mobile_menu_custom_width":375,"footnotes":""},"class_list":["post-3722","page","type-page","status-publish","hentry"],"yoast_head":"<!-- This site is optimized with the Yoast SEO plugin v27.4 - https:\/\/yoast.com\/product\/yoast-seo-wordpress\/ -->\n<title>Terms of use - H\u00f4tel Les Campanules<\/title>\n<meta name=\"description\" content=\"View Le Levanna Hotel&#039;s legal notice, including legal information, contact information and terms of use.\" \/>\n<meta name=\"robots\" content=\"index, follow, max-snippet:-1, max-image-preview:large, max-video-preview:-1\" \/>\n<link rel=\"canonical\" href=\"https:\/\/campanules.com\/en\/terms-of-use\/\" \/>\n<meta property=\"og:locale\" content=\"en_GB\" \/>\n<meta property=\"og:type\" content=\"article\" \/>\n<meta property=\"og:title\" content=\"Terms of use - H\u00f4tel Les Campanules\" \/>\n<meta property=\"og:description\" content=\"View Le Levanna Hotel&#039;s legal notice, including legal information, contact information and terms of use.\" \/>\n<meta property=\"og:url\" content=\"https:\/\/campanules.com\/en\/terms-of-use\/\" \/>\n<meta property=\"og:site_name\" content=\"H\u00f4tel Les Campanules\" \/>\n<meta property=\"article:publisher\" content=\"https:\/\/www.facebook.com\/campanulestignes\" \/>\n<meta property=\"article:modified_time\" content=\"2024-06-21T08:45:56+00:00\" \/>\n<meta name=\"twitter:card\" content=\"summary_large_image\" \/>\n<meta name=\"twitter:label1\" content=\"Estimated reading time\" \/>\n\t<meta name=\"twitter:data1\" content=\"1 minute\" \/>\n<script type=\"application\/ld+json\" class=\"yoast-schema-graph\">{\"@context\":\"https:\\\/\\\/schema.org\",\"@graph\":[{\"@type\":\"WebPage\",\"@id\":\"https:\\\/\\\/campanules.com\\\/en\\\/terms-of-use\\\/\",\"url\":\"https:\\\/\\\/campanules.com\\\/en\\\/terms-of-use\\\/\",\"name\":\"Terms of use - H\u00f4tel Les Campanules\",\"isPartOf\":{\"@id\":\"https:\\\/\\\/campanules.com\\\/en\\\/#website\"},\"datePublished\":\"2023-04-27T06:25:57+00:00\",\"dateModified\":\"2024-06-21T08:45:56+00:00\",\"description\":\"View Le Levanna Hotel's legal notice, including legal information, contact information and terms of use.\",\"breadcrumb\":{\"@id\":\"https:\\\/\\\/campanules.com\\\/en\\\/terms-of-use\\\/#breadcrumb\"},\"inLanguage\":\"en-GB\",\"potentialAction\":[{\"@type\":\"ReadAction\",\"target\":[\"https:\\\/\\\/campanules.com\\\/en\\\/terms-of-use\\\/\"]}]},{\"@type\":\"BreadcrumbList\",\"@id\":\"https:\\\/\\\/campanules.com\\\/en\\\/terms-of-use\\\/#breadcrumb\",\"itemListElement\":[{\"@type\":\"ListItem\",\"position\":1,\"name\":\"Accueil\",\"item\":\"https:\\\/\\\/campanules.com\\\/en\\\/terms-and-conditions\\\/\"},{\"@type\":\"ListItem\",\"position\":2,\"name\":\"Terms of use\"}]},{\"@type\":\"WebSite\",\"@id\":\"https:\\\/\\\/campanules.com\\\/en\\\/#website\",\"url\":\"https:\\\/\\\/campanules.com\\\/en\\\/\",\"name\":\"H\u00f4tel les Campanules \u00e0 Tignes\",\"description\":\"\",\"publisher\":{\"@id\":\"https:\\\/\\\/campanules.com\\\/en\\\/#organization\"},\"potentialAction\":[{\"@type\":\"SearchAction\",\"target\":{\"@type\":\"EntryPoint\",\"urlTemplate\":\"https:\\\/\\\/campanules.com\\\/en\\\/?s={search_term_string}\"},\"query-input\":{\"@type\":\"PropertyValueSpecification\",\"valueRequired\":true,\"valueName\":\"search_term_string\"}}],\"inLanguage\":\"en-GB\"},{\"@type\":\"Organization\",\"@id\":\"https:\\\/\\\/campanules.com\\\/en\\\/#organization\",\"name\":\"H\u00f4tel Campanules\",\"url\":\"https:\\\/\\\/campanules.com\\\/en\\\/\",\"logo\":{\"@type\":\"ImageObject\",\"inLanguage\":\"en-GB\",\"@id\":\"https:\\\/\\\/campanules.com\\\/en\\\/#\\\/schema\\\/logo\\\/image\\\/\",\"url\":\"https:\\\/\\\/campanules.com\\\/wp-content\\\/uploads\\\/2024\\\/04\\\/cropped-Logo.png\",\"contentUrl\":\"https:\\\/\\\/campanules.com\\\/wp-content\\\/uploads\\\/2024\\\/04\\\/cropped-Logo.png\",\"width\":512,\"height\":512,\"caption\":\"H\u00f4tel Campanules\"},\"image\":{\"@id\":\"https:\\\/\\\/campanules.com\\\/en\\\/#\\\/schema\\\/logo\\\/image\\\/\"},\"sameAs\":[\"https:\\\/\\\/www.facebook.com\\\/campanulestignes\",\"https:\\\/\\\/www.instagram.com\\\/lescampanules\\\/\",\"https:\\\/\\\/www.linkedin.com\\\/company\\\/les-etincelles-collection\\\/\"]}]}<\/script>\n<!-- \/ Yoast SEO plugin. -->","yoast_head_json":{"title":"Terms of use - H\u00f4tel Les Campanules","description":"View Le Levanna Hotel's legal notice, including legal information, contact information and terms of use.","robots":{"index":"index","follow":"follow","max-snippet":"max-snippet:-1","max-image-preview":"max-image-preview:large","max-video-preview":"max-video-preview:-1"},"canonical":"https:\/\/campanules.com\/en\/terms-of-use\/","og_locale":"en_GB","og_type":"article","og_title":"Terms of use - H\u00f4tel Les Campanules","og_description":"View Le Levanna Hotel's legal notice, including legal information, contact information and terms of use.","og_url":"https:\/\/campanules.com\/en\/terms-of-use\/","og_site_name":"H\u00f4tel Les Campanules","article_publisher":"https:\/\/www.facebook.com\/campanulestignes","article_modified_time":"2024-06-21T08:45:56+00:00","twitter_card":"summary_large_image","twitter_misc":{"Estimated reading time":"1 minute"},"schema":{"@context":"https:\/\/schema.org","@graph":[{"@type":"WebPage","@id":"https:\/\/campanules.com\/en\/terms-of-use\/","url":"https:\/\/campanules.com\/en\/terms-of-use\/","name":"Terms of use - H\u00f4tel Les Campanules","isPartOf":{"@id":"https:\/\/campanules.com\/en\/#website"},"datePublished":"2023-04-27T06:25:57+00:00","dateModified":"2024-06-21T08:45:56+00:00","description":"View Le Levanna Hotel's legal notice, including legal information, contact information and terms of use.","breadcrumb":{"@id":"https:\/\/campanules.com\/en\/terms-of-use\/#breadcrumb"},"inLanguage":"en-GB","potentialAction":[{"@type":"ReadAction","target":["https:\/\/campanules.com\/en\/terms-of-use\/"]}]},{"@type":"BreadcrumbList","@id":"https:\/\/campanules.com\/en\/terms-of-use\/#breadcrumb","itemListElement":[{"@type":"ListItem","position":1,"name":"Accueil","item":"https:\/\/campanules.com\/en\/terms-and-conditions\/"},{"@type":"ListItem","position":2,"name":"Terms of use"}]},{"@type":"WebSite","@id":"https:\/\/campanules.com\/en\/#website","url":"https:\/\/campanules.com\/en\/","name":"H\u00f4tel les Campanules \u00e0 Tignes","description":"","publisher":{"@id":"https:\/\/campanules.com\/en\/#organization"},"potentialAction":[{"@type":"SearchAction","target":{"@type":"EntryPoint","urlTemplate":"https:\/\/campanules.com\/en\/?s={search_term_string}"},"query-input":{"@type":"PropertyValueSpecification","valueRequired":true,"valueName":"search_term_string"}}],"inLanguage":"en-GB"},{"@type":"Organization","@id":"https:\/\/campanules.com\/en\/#organization","name":"H\u00f4tel Campanules","url":"https:\/\/campanules.com\/en\/","logo":{"@type":"ImageObject","inLanguage":"en-GB","@id":"https:\/\/campanules.com\/en\/#\/schema\/logo\/image\/","url":"https:\/\/campanules.com\/wp-content\/uploads\/2024\/04\/cropped-Logo.png","contentUrl":"https:\/\/campanules.com\/wp-content\/uploads\/2024\/04\/cropped-Logo.png","width":512,"height":512,"caption":"H\u00f4tel Campanules"},"image":{"@id":"https:\/\/campanules.com\/en\/#\/schema\/logo\/image\/"},"sameAs":["https:\/\/www.facebook.com\/campanulestignes","https:\/\/www.instagram.com\/lescampanules\/","https:\/\/www.linkedin.com\/company\/les-etincelles-collection\/"]}]}},"_links":{"self":[{"href":"https:\/\/campanules.com\/en\/wp-json\/wp\/v2\/pages\/3722","targetHints":{"allow":["GET"]}}],"collection":[{"href":"https:\/\/campanules.com\/en\/wp-json\/wp\/v2\/pages"}],"about":[{"href":"https:\/\/campanules.com\/en\/wp-json\/wp\/v2\/types\/page"}],"author":[{"embeddable":true,"href":"https:\/\/campanules.com\/en\/wp-json\/wp\/v2\/users\/1"}],"replies":[{"embeddable":true,"href":"https:\/\/campanules.com\/en\/wp-json\/wp\/v2\/comments?post=3722"}],"version-history":[{"count":0,"href":"https:\/\/campanules.com\/en\/wp-json\/wp\/v2\/pages\/3722\/revisions"}],"wp:attachment":[{"href":"https:\/\/campanules.com\/en\/wp-json\/wp\/v2\/media?parent=3722"}],"curies":[{"name":"wp","href":"https:\/\/api.w.org\/{rel}","templated":true}]}}